{"id":11290,"date":"2020-07-26T09:23:41","date_gmt":"2020-07-26T12:23:41","guid":{"rendered":"http:\/\/www.ultra.adm.br\/wp\/?page_id=11290"},"modified":"2020-07-26T09:28:47","modified_gmt":"2020-07-26T12:28:47","slug":"pesquisa-propostas-em-andamento","status":"publish","type":"page","link":"https:\/\/www.ultra.adm.br\/wp\/pesquisa-propostas-em-andamento\/","title":{"rendered":"Pesquisa Propostas em Andamento"},"content":{"rendered":"<h4 style=\"text-align: justify;\"><span style=\"color: #000080;\">Assim como temos um controle de qualidade no p\u00f3s-venda de nossos servi\u00e7os prestados, tamb\u00e9m efetuamos o acompanhamento de nossas propostas de trabalho que est\u00e3o em negocia\u00e7\u00e3o. Desta forma, pedimos a especial gentileza de responder ao nosso breve question\u00e1rio abaixo.<\/span><\/h4>\n<h4 style=\"text-align: justify;\"><span style=\"color: #000080;\">Sua resposta ser\u00e1 muito importante na adequa\u00e7\u00e3o de nossa proposta \u00e0s suas necessidades, bem como no entendimento do mercado e no aprimoramento de nossos servi\u00e7os.<\/span><\/h4>\n<h4 style=\"text-align: justify;\"><span style=\"color: #000080;\">Antecipadamente agradecemos.<\/span><\/h4>\n<p style=\"text-align: justify;\"><div class=\"frm_forms  with_frm_style frm_style_formidable-style\" id=\"frm_form_5_container\" >\n<form enctype=\"multipart\/form-data\" method=\"post\" class=\"frm-show-form \" id=\"form_pesquisapropostas8b6db455b5\" >\n<div class=\"frm_form_fields \">\n<fieldset>\n<legend class=\"frm_screen_reader\">Pesquisa Propostas - Andamento<\/legend>\r\n\r\n<div class=\"frm_fields_container\">\n<input type=\"hidden\" name=\"frm_action\" value=\"create\" \/>\n<input type=\"hidden\" name=\"form_id\" value=\"5\" \/>\n<input type=\"hidden\" name=\"frm_hide_fields_5\" id=\"frm_hide_fields_5\" value=\"\" \/>\n<input type=\"hidden\" name=\"form_key\" value=\"pesquisapropostas8b6db455b5\" \/>\n<input type=\"hidden\" name=\"item_meta[0]\" value=\"\" \/>\n<input type=\"hidden\" id=\"frm_submit_entry_5\" name=\"frm_submit_entry_5\" value=\"bc40194afb\" \/><input type=\"hidden\" name=\"_wp_http_referer\" value=\"\/wp\/wp-json\/wp\/v2\/pages\/11290\" \/><div id=\"frm_field_37_container\" class=\"frm_form_field form-field  frm_required_field frm_top_container\">\r\n    <label for=\"field_aw2nfcdc028e106\" id=\"field_aw2nfcdc028e106_label\" class=\"frm_primary_label\">Nome\r\n        <span class=\"frm_required\">*<\/span>\r\n    <\/label>\r\n    <input type=\"text\" id=\"field_aw2nfcdc028e106\" name=\"item_meta[37]\" value=\"\"  data-reqmsg=\"Campo obrigat\u00f3rio, gentileza preencher.\" aria-required=\"true\" data-invmsg=\"Text is invalid\" aria-invalid=\"false\"  \/>\r\n    \r\n    \r\n<\/div>\n<div id=\"frm_field_38_container\" class=\"frm_form_field form-field  frm_top_container\">\r\n    <label for=\"field_i9whnaa39140cbc\" id=\"field_i9whnaa39140cbc_label\" class=\"frm_primary_label\">Email\r\n        <span class=\"frm_required\"><\/span>\r\n    <\/label>\r\n    <input type=\"email\" id=\"field_i9whnaa39140cbc\" name=\"item_meta[38]\" value=\"\"  data-invmsg=\"Email is invalid\" aria-invalid=\"false\"  \/>\r\n    \r\n    \r\n<\/div>\n<div id=\"frm_field_39_container\" class=\"frm_form_field form-field  frm_required_field frm_top_container\">\r\n    <div  id=\"field_vxfoicd0d621a84_label\" class=\"frm_primary_label\">Em rela\u00e7\u00e3o ao escopo do trabalho proposto:\r\n        <span class=\"frm_required\">*<\/span>\r\n    <\/div>\r\n    <div class=\"frm_opt_container\" aria-labelledby=\"field_vxfoicd0d621a84_label\" role=\"group\">\t\t<select name=\"item_meta[39]\" id=\"field_vxfoicd0d621a84\"  data-reqmsg=\"Campo obrigat\u00f3rio, gentileza preencher.\" aria-required=\"true\" data-invmsg=\"Em rela\u00e7\u00e3o ao escopo do trabalho proposto: \u00e9 inv\u00e1lido\" class=\"auto_width\" aria-invalid=\"false\"  >\n\t\t<option  value=\"O escopo proposto atende \u00e0s nossas necessidades.\">O escopo proposto atende \u00e0s nossas necessidades.<\/option><option  value=\"O escopo proposto n\u00e3o atende totalmente nossas necessidades.\">O escopo proposto n\u00e3o atende totalmente nossas necessidades.<\/option><option  value=\"O escopo proposto excede \u00e0s nossas necessidades.\">O escopo proposto excede \u00e0s nossas necessidades.<\/option><option  value=\"O escopo proposto \u00e9 adequado, por\u00e9m o faseamento das etapas necessita adequa\u00e7\u00e3o.\">O escopo proposto \u00e9 adequado, por\u00e9m o faseamento das etapas necessita adequa\u00e7\u00e3o.<\/option>\t<\/select>\n\t<\/div>\r\n    \r\n    \r\n<\/div>\n<div id=\"frm_field_49_container\" class=\"frm_form_field form-field  frm_required_field frm_top_container\">\r\n    <div  id=\"field_u01c7_label\" class=\"frm_primary_label\">Em rela\u00e7\u00e3o ao prazo de desenvolvimento dos servi\u00e7os:\r\n        <span class=\"frm_required\">*<\/span>\r\n    <\/div>\r\n    <div class=\"frm_opt_container\" aria-labelledby=\"field_u01c7_label\" role=\"group\">\t\t<select name=\"item_meta[49]\" id=\"field_u01c7\"  data-reqmsg=\"Campo obrigat\u00f3rio, gentileza preencher.\" aria-required=\"true\" data-invmsg=\"Em rela\u00e7\u00e3o ao prazo de desenvolvimento dos servi\u00e7os: \u00e9 inv\u00e1lido\" class=\"auto_width\" aria-invalid=\"false\"  >\n\t\t<option  value=\"O prazo atende \u00e0s nossas necessidades.\">O prazo atende \u00e0s nossas necessidades.<\/option><option  value=\"O prazo precisa ser encurtado.\">O prazo precisa ser encurtado.<\/option><option  value=\"O prazo pode ser alongado.\">O prazo pode ser alongado.<\/option><option  value=\"O prazo atende, mas necessita ser redistribu\u00eddo entre as etapas propostas.\">O prazo atende, mas necessita ser redistribu\u00eddo entre as etapas propostas.<\/option>\t<\/select>\n\t<\/div>\r\n    \r\n    \r\n<\/div>\n<div id=\"frm_field_48_container\" class=\"frm_form_field form-field  frm_top_container\">\r\n    <div  id=\"field_22de2_label\" class=\"frm_primary_label\">Em rela\u00e7\u00e3o \u00e0 percep\u00e7\u00e3o de valor da proposta:\r\n        <span class=\"frm_required\"><\/span>\r\n    <\/div>\r\n    <div class=\"frm_opt_container\" aria-labelledby=\"field_22de2_label\" role=\"group\">\t\t<select name=\"item_meta[48]\" id=\"field_22de2\"  data-invmsg=\"Em rela\u00e7\u00e3o \u00e0 percep\u00e7\u00e3o de valor da proposta: \u00e9 inv\u00e1lido\" class=\"auto_width\" aria-invalid=\"false\"  >\n\t\t<option  value=\"O valor dos servi\u00e7os \u00e9 compat\u00edvel com o escopo.\">O valor dos servi\u00e7os \u00e9 compat\u00edvel com o escopo.<\/option><option  value=\"\u00c9 necess\u00e1rio um reestudo de valores para adequa\u00e7\u00e3o dos valores \/ escopo \/ caracter\u00edsticas do empreendimento ou projeto\">\u00c9 necess\u00e1rio um reestudo de valores para adequa\u00e7\u00e3o dos valores \/ escopo \/ caracter\u00edsticas do empreendimento ou projeto<\/option><option  value=\"\u00c9 necess\u00e1rio um reestudo das condi\u00e7\u00f5es de pagamento dada a capacidade de caixa do empreendimento \/ projeto.\">\u00c9 necess\u00e1rio um reestudo das condi\u00e7\u00f5es de pagamento dada a capacidade de caixa do empreendimento \/ projeto.<\/option>\t<\/select>\n\t<\/div>\r\n    \r\n    \r\n<\/div>\n<div id=\"frm_field_47_container\" class=\"frm_form_field form-field  frm_top_container vertical_radio\">\r\n    <div  id=\"field_a5atb_label\" class=\"frm_primary_label\">A percep\u00e7\u00e3o em rela\u00e7\u00e3o \u00e0 nossa empresa:\r\n        <span class=\"frm_required\"><\/span>\r\n    <\/div>\r\n    <div class=\"frm_opt_container\" aria-labelledby=\"field_a5atb_label\" role=\"group\">\t\t<div class=\"frm_checkbox\" id=\"frm_checkbox_47-4\">\t\t\t<label  for=\"field_a5atb-4\">\n\t\t\t<input type=\"checkbox\" name=\"item_meta[47][]\" id=\"field_a5atb-4\" value=\"O curr\u00edculo \/ experi\u00eancia dos profissionais envolvidos atende \u00e0s expectativas para o escopo dos trabalhos.\"  data-invmsg=\"A percep\u00e7\u00e3o em rela\u00e7\u00e3o \u00e0 nossa empresa: \u00e9 inv\u00e1lido\"   \/> O curr\u00edculo \/ experi\u00eancia dos profissionais envolvidos atende \u00e0s expectativas para o escopo dos trabalhos.<\/label><\/div>\n\t\t<div class=\"frm_checkbox\" id=\"frm_checkbox_47-6\">\t\t\t<label  for=\"field_a5atb-6\">\n\t\t\t<input type=\"checkbox\" name=\"item_meta[47][]\" id=\"field_a5atb-6\" value=\"A experi\u00eancia da empresa em trabalhos similares \u00e9 adequada.\"  data-invmsg=\"A percep\u00e7\u00e3o em rela\u00e7\u00e3o \u00e0 nossa empresa: \u00e9 inv\u00e1lido\"   \/> A experi\u00eancia da empresa em trabalhos similares \u00e9 adequada.<\/label><\/div>\n\t\t<div class=\"frm_checkbox\" id=\"frm_checkbox_47-7\">\t\t\t<label  for=\"field_a5atb-7\">\n\t\t\t<input type=\"checkbox\" name=\"item_meta[47][]\" id=\"field_a5atb-7\" value=\"A apresenta\u00e7\u00e3o da empresa em rela\u00e7\u00e3o aos servi\u00e7os precisa ser melhor detalhada.\"  data-invmsg=\"A percep\u00e7\u00e3o em rela\u00e7\u00e3o \u00e0 nossa empresa: \u00e9 inv\u00e1lido\"   \/> A apresenta\u00e7\u00e3o da empresa em rela\u00e7\u00e3o aos servi\u00e7os precisa ser melhor detalhada.<\/label><\/div>\n<\/div>\r\n    \r\n    \r\n<\/div>\n<div id=\"frm_field_40_container\" class=\"frm_form_field form-field  frm_top_container\">\r\n    <label for=\"field_neqkd74a05e63ca\" id=\"field_neqkd74a05e63ca_label\" class=\"frm_primary_label\">Observa\u00e7\u00f5es\r\n        <span class=\"frm_required\"><\/span>\r\n    <\/label>\r\n    <input type=\"text\" id=\"field_neqkd74a05e63ca\" name=\"item_meta[40]\" value=\"\"  data-invmsg=\"Text is invalid\" aria-invalid=\"false\"  \/>\r\n    \r\n    \r\n<\/div>\n\t<input type=\"hidden\" name=\"item_key\" value=\"\" \/>\n\t\t\t<div id=\"frm_field_50_container\">\n\t\t\t<label for=\"field_nkcv0\" >\n\t\t\t\tSe voc\u00ea \u00e9 humano, deixe este campo em branco.\t\t\t<\/label>\n\t\t\t<input  id=\"field_nkcv0\" type=\"text\" class=\"frm_form_field form-field frm_verify\" name=\"item_meta[50]\" value=\"\"  \/>\n\t\t<\/div>\n\t\t<input name=\"frm_state\" type=\"hidden\" value=\"H+9ArBSsfSW22LGnTXADWTkYjl40sE05Pck6l\/s4oi0=\" \/><div class=\"frm_submit\">\r\n\r\n<button class=\"frm_button_submit\" type=\"submit\"  >Enviar<\/button>\r\n\r\n<\/div><\/div>\n<\/fieldset>\n<\/div>\n\n<\/form>\n<\/div>\n<\/p>\n","protected":false},"excerpt":{"rendered":"<p>Assim como temos um controle de qualidade no p\u00f3s-venda de nossos servi\u00e7os prestados, tamb\u00e9m efetuamos o acompanhamento de nossas propostas de trabalho que est\u00e3o em negocia\u00e7\u00e3o. Desta forma, pedimos a especial gentileza de responder ao nosso breve question\u00e1rio abaixo. Sua resposta ser\u00e1 muito importante na adequa\u00e7\u00e3o de nossa proposta \u00e0s suas necessidades, bem como no&hellip; <br \/> <a class=\"read-more\" href=\"https:\/\/www.ultra.adm.br\/wp\/pesquisa-propostas-em-andamento\/\">Read more<\/a><\/p>\n","protected":false},"author":2,"featured_media":11292,"parent":0,"menu_order":0,"comment_status":"closed","ping_status":"closed","template":"","meta":{"_monsterinsights_skip_tracking":false,"_monsterinsights_sitenote_active":false,"_monsterinsights_sitenote_note":"","_monsterinsights_sitenote_category":0,"ngg_post_thumbnail":0,"footnotes":""},"class_list":["post-11290","page","type-page","status-publish","has-post-thumbnail","hentry"],"yoast_head":"<!-- This site is optimized with the Yoast SEO plugin v27.3 - https:\/\/yoast.com\/product\/yoast-seo-wordpress\/ -->\n<title>Ultra Planejamento, Comercializa\u00e7\u00e3o e Opera\u00e7\u00e3o de Shopping Centers &#187; Pesquisa Propostas em Andamento<\/title>\n<meta name=\"robots\" content=\"index, follow, max-snippet:-1, max-image-preview:large, max-video-preview:-1\" \/>\n<link rel=\"canonical\" href=\"https:\/\/www.ultra.adm.br\/wp\/pesquisa-propostas-em-andamento\/\" \/>\n<meta property=\"og:locale\" content=\"pt_BR\" \/>\n<meta property=\"og:type\" content=\"article\" \/>\n<meta property=\"og:title\" content=\"Ultra Planejamento, Comercializa\u00e7\u00e3o e Opera\u00e7\u00e3o de Shopping Centers &#187; Pesquisa Propostas em Andamento\" \/>\n<meta property=\"og:description\" content=\"Assim como temos um controle de qualidade no p\u00f3s-venda de nossos servi\u00e7os prestados, tamb\u00e9m efetuamos o acompanhamento de nossas propostas de trabalho que est\u00e3o em negocia\u00e7\u00e3o. Desta forma, pedimos a especial gentileza de responder ao nosso breve question\u00e1rio abaixo. Sua resposta ser\u00e1 muito importante na adequa\u00e7\u00e3o de nossa proposta \u00e0s suas necessidades, bem como no&hellip; Read more\" \/>\n<meta property=\"og:url\" content=\"https:\/\/www.ultra.adm.br\/wp\/pesquisa-propostas-em-andamento\/\" \/>\n<meta property=\"og:site_name\" content=\"Ultra Planejamento, Comercializa\u00e7\u00e3o e Opera\u00e7\u00e3o de Shopping Centers\" \/>\n<meta property=\"article:modified_time\" content=\"2020-07-26T12:28:47+00:00\" \/>\n<meta property=\"og:image\" content=\"https:\/\/www.ultra.adm.br\/wp\/wp-content\/uploads\/2020\/07\/proposta-de-valor.jpeg\" \/>\n\t<meta property=\"og:image:width\" content=\"1000\" \/>\n\t<meta property=\"og:image:height\" content=\"667\" \/>\n\t<meta property=\"og:image:type\" content=\"image\/jpeg\" \/>\n<meta name=\"twitter:card\" content=\"summary_large_image\" \/>\n<script type=\"application\/ld+json\" class=\"yoast-schema-graph\">{\"@context\":\"https:\\\/\\\/schema.org\",\"@graph\":[{\"@type\":\"WebPage\",\"@id\":\"https:\\\/\\\/www.ultra.adm.br\\\/wp\\\/pesquisa-propostas-em-andamento\\\/\",\"url\":\"https:\\\/\\\/www.ultra.adm.br\\\/wp\\\/pesquisa-propostas-em-andamento\\\/\",\"name\":\"Ultra Planejamento, Comercializa\u00e7\u00e3o e Opera\u00e7\u00e3o de Shopping Centers &#187; Pesquisa Propostas em Andamento\",\"isPartOf\":{\"@id\":\"https:\\\/\\\/www.ultra.adm.br\\\/wp\\\/#website\"},\"primaryImageOfPage\":{\"@id\":\"https:\\\/\\\/www.ultra.adm.br\\\/wp\\\/pesquisa-propostas-em-andamento\\\/#primaryimage\"},\"image\":{\"@id\":\"https:\\\/\\\/www.ultra.adm.br\\\/wp\\\/pesquisa-propostas-em-andamento\\\/#primaryimage\"},\"thumbnailUrl\":\"https:\\\/\\\/www.ultra.adm.br\\\/wp\\\/wp-content\\\/uploads\\\/2020\\\/07\\\/proposta-de-valor.jpeg\",\"datePublished\":\"2020-07-26T12:23:41+00:00\",\"dateModified\":\"2020-07-26T12:28:47+00:00\",\"breadcrumb\":{\"@id\":\"https:\\\/\\\/www.ultra.adm.br\\\/wp\\\/pesquisa-propostas-em-andamento\\\/#breadcrumb\"},\"inLanguage\":\"pt-BR\",\"potentialAction\":[{\"@type\":\"ReadAction\",\"target\":[\"https:\\\/\\\/www.ultra.adm.br\\\/wp\\\/pesquisa-propostas-em-andamento\\\/\"]}]},{\"@type\":\"ImageObject\",\"inLanguage\":\"pt-BR\",\"@id\":\"https:\\\/\\\/www.ultra.adm.br\\\/wp\\\/pesquisa-propostas-em-andamento\\\/#primaryimage\",\"url\":\"https:\\\/\\\/www.ultra.adm.br\\\/wp\\\/wp-content\\\/uploads\\\/2020\\\/07\\\/proposta-de-valor.jpeg\",\"contentUrl\":\"https:\\\/\\\/www.ultra.adm.br\\\/wp\\\/wp-content\\\/uploads\\\/2020\\\/07\\\/proposta-de-valor.jpeg\",\"width\":1000,\"height\":667},{\"@type\":\"BreadcrumbList\",\"@id\":\"https:\\\/\\\/www.ultra.adm.br\\\/wp\\\/pesquisa-propostas-em-andamento\\\/#breadcrumb\",\"itemListElement\":[{\"@type\":\"ListItem\",\"position\":1,\"name\":\"In\u00edcio\",\"item\":\"https:\\\/\\\/www.ultra.adm.br\\\/wp\\\/\"},{\"@type\":\"ListItem\",\"position\":2,\"name\":\"Pesquisa Propostas em Andamento\"}]},{\"@type\":\"WebSite\",\"@id\":\"https:\\\/\\\/www.ultra.adm.br\\\/wp\\\/#website\",\"url\":\"https:\\\/\\\/www.ultra.adm.br\\\/wp\\\/\",\"name\":\"Ultra Planejamento, Comercializa\u00e7\u00e3o e Opera\u00e7\u00e3o de Shopping Centers\",\"description\":\"Disponibilizamos ao mercado de shopping centers e complexos comerciais todos os servi\u00e7os desde a concep\u00e7\u00e3o inicial at\u00e9 a gest\u00e3o desses empreendimentos, sempre respeitando os valores absolutos de \u00e9tica, transpar\u00eancia e profissionalismo.\",\"publisher\":{\"@id\":\"https:\\\/\\\/www.ultra.adm.br\\\/wp\\\/#organization\"},\"potentialAction\":[{\"@type\":\"SearchAction\",\"target\":{\"@type\":\"EntryPoint\",\"urlTemplate\":\"https:\\\/\\\/www.ultra.adm.br\\\/wp\\\/?s={search_term_string}\"},\"query-input\":{\"@type\":\"PropertyValueSpecification\",\"valueRequired\":true,\"valueName\":\"search_term_string\"}}],\"inLanguage\":\"pt-BR\"},{\"@type\":\"Organization\",\"@id\":\"https:\\\/\\\/www.ultra.adm.br\\\/wp\\\/#organization\",\"name\":\"Ultra Administra\u00e7\u00e3o, Comercializa\u00e7\u00e3o e Desenvolvimento de Shopping Centers\",\"url\":\"https:\\\/\\\/www.ultra.adm.br\\\/wp\\\/\",\"logo\":{\"@type\":\"ImageObject\",\"inLanguage\":\"pt-BR\",\"@id\":\"https:\\\/\\\/www.ultra.adm.br\\\/wp\\\/#\\\/schema\\\/logo\\\/image\\\/\",\"url\":\"https:\\\/\\\/www.ultra.adm.br\\\/wp\\\/wp-content\\\/uploads\\\/2019\\\/03\\\/Ultra-Logo-rev3.jpg\",\"contentUrl\":\"https:\\\/\\\/www.ultra.adm.br\\\/wp\\\/wp-content\\\/uploads\\\/2019\\\/03\\\/Ultra-Logo-rev3.jpg\",\"width\":250,\"height\":97,\"caption\":\"Ultra Administra\u00e7\u00e3o, Comercializa\u00e7\u00e3o e Desenvolvimento de Shopping Centers\"},\"image\":{\"@id\":\"https:\\\/\\\/www.ultra.adm.br\\\/wp\\\/#\\\/schema\\\/logo\\\/image\\\/\"}}]}<\/script>\n<!-- \/ Yoast SEO plugin. -->","yoast_head_json":{"title":"Ultra Planejamento, Comercializa\u00e7\u00e3o e Opera\u00e7\u00e3o de Shopping Centers &#187; Pesquisa Propostas em Andamento","robots":{"index":"index","follow":"follow","max-snippet":"max-snippet:-1","max-image-preview":"max-image-preview:large","max-video-preview":"max-video-preview:-1"},"canonical":"https:\/\/www.ultra.adm.br\/wp\/pesquisa-propostas-em-andamento\/","og_locale":"pt_BR","og_type":"article","og_title":"Ultra Planejamento, Comercializa\u00e7\u00e3o e Opera\u00e7\u00e3o de Shopping Centers &#187; Pesquisa Propostas em Andamento","og_description":"Assim como temos um controle de qualidade no p\u00f3s-venda de nossos servi\u00e7os prestados, tamb\u00e9m efetuamos o acompanhamento de nossas propostas de trabalho que est\u00e3o em negocia\u00e7\u00e3o. Desta forma, pedimos a especial gentileza de responder ao nosso breve question\u00e1rio abaixo. Sua resposta ser\u00e1 muito importante na adequa\u00e7\u00e3o de nossa proposta \u00e0s suas necessidades, bem como no&hellip; Read more","og_url":"https:\/\/www.ultra.adm.br\/wp\/pesquisa-propostas-em-andamento\/","og_site_name":"Ultra Planejamento, Comercializa\u00e7\u00e3o e Opera\u00e7\u00e3o de Shopping Centers","article_modified_time":"2020-07-26T12:28:47+00:00","og_image":[{"width":1000,"height":667,"url":"https:\/\/www.ultra.adm.br\/wp\/wp-content\/uploads\/2020\/07\/proposta-de-valor.jpeg","type":"image\/jpeg"}],"twitter_card":"summary_large_image","schema":{"@context":"https:\/\/schema.org","@graph":[{"@type":"WebPage","@id":"https:\/\/www.ultra.adm.br\/wp\/pesquisa-propostas-em-andamento\/","url":"https:\/\/www.ultra.adm.br\/wp\/pesquisa-propostas-em-andamento\/","name":"Ultra Planejamento, Comercializa\u00e7\u00e3o e Opera\u00e7\u00e3o de Shopping Centers &#187; Pesquisa Propostas em Andamento","isPartOf":{"@id":"https:\/\/www.ultra.adm.br\/wp\/#website"},"primaryImageOfPage":{"@id":"https:\/\/www.ultra.adm.br\/wp\/pesquisa-propostas-em-andamento\/#primaryimage"},"image":{"@id":"https:\/\/www.ultra.adm.br\/wp\/pesquisa-propostas-em-andamento\/#primaryimage"},"thumbnailUrl":"https:\/\/www.ultra.adm.br\/wp\/wp-content\/uploads\/2020\/07\/proposta-de-valor.jpeg","datePublished":"2020-07-26T12:23:41+00:00","dateModified":"2020-07-26T12:28:47+00:00","breadcrumb":{"@id":"https:\/\/www.ultra.adm.br\/wp\/pesquisa-propostas-em-andamento\/#breadcrumb"},"inLanguage":"pt-BR","potentialAction":[{"@type":"ReadAction","target":["https:\/\/www.ultra.adm.br\/wp\/pesquisa-propostas-em-andamento\/"]}]},{"@type":"ImageObject","inLanguage":"pt-BR","@id":"https:\/\/www.ultra.adm.br\/wp\/pesquisa-propostas-em-andamento\/#primaryimage","url":"https:\/\/www.ultra.adm.br\/wp\/wp-content\/uploads\/2020\/07\/proposta-de-valor.jpeg","contentUrl":"https:\/\/www.ultra.adm.br\/wp\/wp-content\/uploads\/2020\/07\/proposta-de-valor.jpeg","width":1000,"height":667},{"@type":"BreadcrumbList","@id":"https:\/\/www.ultra.adm.br\/wp\/pesquisa-propostas-em-andamento\/#breadcrumb","itemListElement":[{"@type":"ListItem","position":1,"name":"In\u00edcio","item":"https:\/\/www.ultra.adm.br\/wp\/"},{"@type":"ListItem","position":2,"name":"Pesquisa Propostas em Andamento"}]},{"@type":"WebSite","@id":"https:\/\/www.ultra.adm.br\/wp\/#website","url":"https:\/\/www.ultra.adm.br\/wp\/","name":"Ultra Planejamento, Comercializa\u00e7\u00e3o e Opera\u00e7\u00e3o de Shopping Centers","description":"Disponibilizamos ao mercado de shopping centers e complexos comerciais todos os servi\u00e7os desde a concep\u00e7\u00e3o inicial at\u00e9 a gest\u00e3o desses empreendimentos, sempre respeitando os valores absolutos de \u00e9tica, transpar\u00eancia e profissionalismo.","publisher":{"@id":"https:\/\/www.ultra.adm.br\/wp\/#organization"},"potentialAction":[{"@type":"SearchAction","target":{"@type":"EntryPoint","urlTemplate":"https:\/\/www.ultra.adm.br\/wp\/?s={search_term_string}"},"query-input":{"@type":"PropertyValueSpecification","valueRequired":true,"valueName":"search_term_string"}}],"inLanguage":"pt-BR"},{"@type":"Organization","@id":"https:\/\/www.ultra.adm.br\/wp\/#organization","name":"Ultra Administra\u00e7\u00e3o, Comercializa\u00e7\u00e3o e Desenvolvimento de Shopping Centers","url":"https:\/\/www.ultra.adm.br\/wp\/","logo":{"@type":"ImageObject","inLanguage":"pt-BR","@id":"https:\/\/www.ultra.adm.br\/wp\/#\/schema\/logo\/image\/","url":"https:\/\/www.ultra.adm.br\/wp\/wp-content\/uploads\/2019\/03\/Ultra-Logo-rev3.jpg","contentUrl":"https:\/\/www.ultra.adm.br\/wp\/wp-content\/uploads\/2019\/03\/Ultra-Logo-rev3.jpg","width":250,"height":97,"caption":"Ultra Administra\u00e7\u00e3o, Comercializa\u00e7\u00e3o e Desenvolvimento de Shopping Centers"},"image":{"@id":"https:\/\/www.ultra.adm.br\/wp\/#\/schema\/logo\/image\/"}}]}},"_links":{"self":[{"href":"https:\/\/www.ultra.adm.br\/wp\/wp-json\/wp\/v2\/pages\/11290","targetHints":{"allow":["GET"]}}],"collection":[{"href":"https:\/\/www.ultra.adm.br\/wp\/wp-json\/wp\/v2\/pages"}],"about":[{"href":"https:\/\/www.ultra.adm.br\/wp\/wp-json\/wp\/v2\/types\/page"}],"author":[{"embeddable":true,"href":"https:\/\/www.ultra.adm.br\/wp\/wp-json\/wp\/v2\/users\/2"}],"replies":[{"embeddable":true,"href":"https:\/\/www.ultra.adm.br\/wp\/wp-json\/wp\/v2\/comments?post=11290"}],"version-history":[{"count":2,"href":"https:\/\/www.ultra.adm.br\/wp\/wp-json\/wp\/v2\/pages\/11290\/revisions"}],"predecessor-version":[{"id":11293,"href":"https:\/\/www.ultra.adm.br\/wp\/wp-json\/wp\/v2\/pages\/11290\/revisions\/11293"}],"wp:featuredmedia":[{"embeddable":true,"href":"https:\/\/www.ultra.adm.br\/wp\/wp-json\/wp\/v2\/media\/11292"}],"wp:attachment":[{"href":"https:\/\/www.ultra.adm.br\/wp\/wp-json\/wp\/v2\/media?parent=11290"}],"curies":[{"name":"wp","href":"https:\/\/api.w.org\/{rel}","templated":true}]}}